{"id":15303,"date":"2023-11-19T19:53:30","date_gmt":"2023-11-19T19:53:30","guid":{"rendered":"http:\/\/morenacolima.si\/mitzuko\/?page_id=15303"},"modified":"2023-11-19T19:58:31","modified_gmt":"2023-11-19T19:58:31","slug":"gobernadora-indira","status":"publish","type":"page","link":"http:\/\/morenacolima.si\/mitzuko\/gobernadora-indira\/","title":{"rendered":"Gobernadora Indira"},"content":{"rendered":"<div id=\"cmsmasters_row_mot7uef9l\" class=\"cmsmasters_row cmsmasters_color_scheme_default cmsmasters_row_top_default cmsmasters_row_bot_default cmsmasters_row_boxed\">\n<div class=\"cmsmasters_row_outer_parent\">\n<div class=\"cmsmasters_row_outer\">\n<div class=\"cmsmasters_row_inner\">\n<div class=\"cmsmasters_row_margin\">\n<div id=\"cmsmasters_column_ogtgqol4nn\" class=\"cmsmasters_column one_first\">\n<div class=\"cmsmasters_column_inner\"><div id=\"blog_rjyyw8usm\" class=\"cmsmasters_wrap_blog entry-summary\" data-layout=\"columns\" data-layout-mode=\"grid\" data-url=\"http:\/\/morenacolima.si\/wp-content\/plugins\/cmsmasters-content-composer\/\" data-orderby=\"date\" data-order=\"DESC\" data-count=\"12\" data-categories=\"indira\" data-metadata=\"excerpt,likes\" data-pagination=\"pagination\"><div class=\"blog columns grid cmsmasters_2\"><!-- Start Post Masonry Article -->\r\n<article id=\"post-15295\" class=\"cmsmasters_post_masonry post-15295 post type-post status-publish format-standard has-post-thumbnail hentry category-colima category-indira\" data-category=\"colima indira\">\r\n\t<div class=\"cmsmasters_post_cont_wrap\">\r\n\t\t<div class=\"cmsmasters_post_img_wrap\"><figure class=\"cmsmasters_img_wrap\"><a href=\"http:\/\/morenacolima.si\/mitzuko\/en-tecoman-se-invierte\/\" title=\"En Tecom\u00e1n, se invierte\" class=\"cmsmasters_img_link preloader\"><img loading=\"lazy\" decoding=\"async\" width=\"580\" height=\"400\" src=\"http:\/\/morenacolima.si\/wp-content\/uploads\/2023\/11\/Screenshot_20231119_134447_com.facebook.katana_edit_177084440054749-580x400.jpg\" class=\"full-width wp-post-image\" alt=\"En Tecom\u00e1n, se invierte\" title=\"Screenshot_20231119_134447_com.facebook.katana_edit_177084440054749.jpg\" \/><\/a><\/figure><\/div>\r\n\t\t<div class=\"cmsmasters_post_cont\">\r\n\t\t\t<header class=\"cmsmasters_post_header entry-header\"><h3 class=\"cmsmasters_post_title entry-title\"><a href=\"http:\/\/morenacolima.si\/mitzuko\/en-tecoman-se-invierte\/\">En Tecom\u00e1n, se invierte<\/a><\/h3><\/header><div class=\"cmsmasters_post_content entry-content\">\n<p>En Tecom\u00e1n, se invierte en \u00e1reas prioritarias para mejorar su d\u00eda a d\u00eda con acciones desde la justicia social.<\/p>\n<\/div>\n<footer class=\"cmsmasters_post_footer entry-meta\"><span class=\"cmsmasters_likes cmsmasters_post_likes\"><a href=\"#\" onclick=\"cmsmastersLike(15295, false); return false;\" id=\"cmsmastersLike-15295\" class=\"cmsmastersLike cmsmasters_theme_icon_like\"><span>0 <\/span><\/a><\/span><\/footer>\t\t<\/div>\r\n\t<\/div>\r\n<\/article>\r\n<!-- Finish Post Masonry Article -->\r\n\r\n<!-- Start Post Masonry Article -->\r\n<article id=\"post-15297\" class=\"cmsmasters_post_masonry post-15297 post type-post status-publish format-standard has-post-thumbnail hentry category-colima category-indira\" data-category=\"colima indira\">\r\n\t<div class=\"cmsmasters_post_cont_wrap\">\r\n\t\t<div class=\"cmsmasters_post_img_wrap\"><figure class=\"cmsmasters_img_wrap\"><a href=\"http:\/\/morenacolima.si\/mitzuko\/recuperar-la-paz-y-tranquilidad-es-prioridad\/\" title=\"Recuperar la paz y tranquilidad es prioridad\" class=\"cmsmasters_img_link preloader\"><img loading=\"lazy\" decoding=\"async\" width=\"580\" height=\"400\" src=\"http:\/\/morenacolima.si\/wp-content\/uploads\/2023\/11\/Screenshot_20231119_134428_com.facebook.katana_edit_177070021852668-580x400.jpg\" class=\"full-width wp-post-image\" alt=\"Recuperar la paz y tranquilidad es prioridad\" title=\"Screenshot_20231119_134428_com.facebook.katana_edit_177070021852668.jpg\" \/><\/a><\/figure><\/div>\r\n\t\t<div class=\"cmsmasters_post_cont\">\r\n\t\t\t<header class=\"cmsmasters_post_header entry-header\"><h3 class=\"cmsmasters_post_title entry-title\"><a href=\"http:\/\/morenacolima.si\/mitzuko\/recuperar-la-paz-y-tranquilidad-es-prioridad\/\">Recuperar la paz y tranquilidad es prioridad<\/a><\/h3><\/header><div class=\"cmsmasters_post_content entry-content\">\n<p>Recuperar la paz y tranquilidad es prioridad, por eso estamos mejorando<\/p>\n<\/div>\n<footer class=\"cmsmasters_post_footer entry-meta\"><span class=\"cmsmasters_likes cmsmasters_post_likes\"><a href=\"#\" onclick=\"cmsmastersLike(15297, false); return false;\" id=\"cmsmastersLike-15297\" class=\"cmsmastersLike cmsmasters_theme_icon_like\"><span>0 <\/span><\/a><\/span><\/footer>\t\t<\/div>\r\n\t<\/div>\r\n<\/article>\r\n<!-- Finish Post Masonry Article -->\r\n\r\n<!-- Start Post Masonry Article -->\r\n<article id=\"post-15271\" class=\"cmsmasters_post_masonry post-15271 post type-post status-publish format-standard has-post-thumbnail hentry category-colima category-indira\" data-category=\"colima indira\">\r\n\t<div class=\"cmsmasters_post_cont_wrap\">\r\n\t\t<div class=\"cmsmasters_post_img_wrap\"><figure class=\"cmsmasters_img_wrap\"><a href=\"http:\/\/morenacolima.si\/mitzuko\/vision-gobierno\/\" title=\"Visi\u00f3n Gobierno\" class=\"cmsmasters_img_link preloader\"><img loading=\"lazy\" decoding=\"async\" width=\"580\" height=\"400\" src=\"http:\/\/morenacolima.si\/wp-content\/uploads\/2023\/11\/image_editor_output_image-1461382730-1700423192663-580x400.jpg\" class=\"full-width wp-post-image\" alt=\"Visi\u00f3n Gobierno\" title=\"image_editor_output_image-1461382730-1700423192663.jpg\" \/><\/a><\/figure><\/div>\r\n\t\t<div class=\"cmsmasters_post_cont\">\r\n\t\t\t<header class=\"cmsmasters_post_header entry-header\"><h3 class=\"cmsmasters_post_title entry-title\"><a href=\"http:\/\/morenacolima.si\/mitzuko\/vision-gobierno\/\">Visi\u00f3n Gobierno<\/a><\/h3><\/header><div class=\"cmsmasters_post_content entry-content\">\n<p>La gobernadora Indira Vizca\u00edno, ha logrado una coordinaci\u00f3n sin precedentes con el Gobierno de M\u00e9xico<\/p>\n<\/div>\n<footer class=\"cmsmasters_post_footer entry-meta\"><span class=\"cmsmasters_likes cmsmasters_post_likes\"><a href=\"#\" onclick=\"cmsmastersLike(15271, false); return false;\" id=\"cmsmastersLike-15271\" class=\"cmsmastersLike cmsmasters_theme_icon_like\"><span>0 <\/span><\/a><\/span><\/footer>\t\t<\/div>\r\n\t<\/div>\r\n<\/article>\r\n<!-- Finish Post Masonry Article -->\r\n\r\n<!-- Start Post Masonry Article -->\r\n<article id=\"post-15272\" class=\"cmsmasters_post_masonry post-15272 post type-post status-publish format-standard has-post-thumbnail hentry category-colima category-indira\" data-category=\"colima indira\">\r\n\t<div class=\"cmsmasters_post_cont_wrap\">\r\n\t\t<div class=\"cmsmasters_post_img_wrap\"><figure class=\"cmsmasters_img_wrap\"><a href=\"http:\/\/morenacolima.si\/mitzuko\/la-transformacion-avanza-en-comala\/\" title=\"La Transformaci\u00f3n Avanza en Comala\" class=\"cmsmasters_img_link preloader\"><img loading=\"lazy\" decoding=\"async\" width=\"580\" height=\"400\" src=\"http:\/\/morenacolima.si\/wp-content\/uploads\/2023\/11\/Screenshot_20231116_184145_com.facebook.katana_edit_68084852403152-580x400.jpg\" class=\"full-width wp-post-image\" alt=\"La Transformaci\u00f3n Avanza en Comala\" title=\"Screenshot_20231116_184145_com.facebook.katana_edit_68084852403152.jpg\" \/><\/a><\/figure><\/div>\r\n\t\t<div class=\"cmsmasters_post_cont\">\r\n\t\t\t<header class=\"cmsmasters_post_header entry-header\"><h3 class=\"cmsmasters_post_title entry-title\"><a href=\"http:\/\/morenacolima.si\/mitzuko\/la-transformacion-avanza-en-comala\/\">La Transformaci\u00f3n Avanza en Comala<\/a><\/h3><\/header><div class=\"cmsmasters_post_content entry-content\">\n<p>Recuperando Infraestructura Carretera<\/p>\n<\/div>\n<footer class=\"cmsmasters_post_footer entry-meta\"><span class=\"cmsmasters_likes cmsmasters_post_likes\"><a href=\"#\" onclick=\"cmsmastersLike(15272, false); return false;\" id=\"cmsmastersLike-15272\" class=\"cmsmastersLike cmsmasters_theme_icon_like\"><span>0 <\/span><\/a><\/span><\/footer>\t\t<\/div>\r\n\t<\/div>\r\n<\/article>\r\n<!-- Finish Post Masonry Article -->\r\n\r\n<!-- Start Post Masonry Article -->\r\n<article id=\"post-15273\" class=\"cmsmasters_post_masonry post-15273 post type-post status-publish format-standard has-post-thumbnail hentry category-colima category-indira\" data-category=\"colima indira\">\r\n\t<div class=\"cmsmasters_post_cont_wrap\">\r\n\t\t<div class=\"cmsmasters_post_img_wrap\"><figure class=\"cmsmasters_img_wrap\"><a href=\"http:\/\/morenacolima.si\/mitzuko\/indira-vizcaino-2do-informe-armeria\/\" title=\"Indira Vizca\u00edno 2do Informe (Armer\u00eda)\" class=\"cmsmasters_img_link preloader\"><img loading=\"lazy\" decoding=\"async\" width=\"580\" height=\"400\" src=\"http:\/\/morenacolima.si\/wp-content\/uploads\/2023\/11\/Screenshot_20231116_171838_com.facebook.katana_edit_64357437908408-580x400.jpg\" class=\"full-width wp-post-image\" alt=\"Indira Vizca\u00edno 2do Informe (Armer\u00eda)\" title=\"Screenshot_20231116_171838_com.facebook.katana_edit_64357437908408.jpg\" \/><\/a><\/figure><\/div>\r\n\t\t<div class=\"cmsmasters_post_cont\">\r\n\t\t\t<header class=\"cmsmasters_post_header entry-header\"><h3 class=\"cmsmasters_post_title entry-title\"><a href=\"http:\/\/morenacolima.si\/mitzuko\/indira-vizcaino-2do-informe-armeria\/\">Indira Vizca\u00edno 2do Informe (Armer\u00eda)<\/a><\/h3><\/header><div class=\"cmsmasters_post_content entry-content\">\n<p>\u00a1En Armer\u00eda no hay marcha atr\u00e1s, sigamos con la transformaci\u00f3n!<\/p>\n<\/div>\n<footer class=\"cmsmasters_post_footer entry-meta\"><span class=\"cmsmasters_likes cmsmasters_post_likes\"><a href=\"#\" onclick=\"cmsmastersLike(15273, false); return false;\" id=\"cmsmastersLike-15273\" class=\"cmsmastersLike cmsmasters_theme_icon_like\"><span>0 <\/span><\/a><\/span><\/footer>\t\t<\/div>\r\n\t<\/div>\r\n<\/article>\r\n<!-- Finish Post Masonry Article -->\r\n\r\n<!-- Start Post Masonry Article -->\r\n<article id=\"post-15274\" class=\"cmsmasters_post_masonry post-15274 post type-post status-publish format-standard has-post-thumbnail hentry category-colima category-indira\" data-category=\"colima indira\">\r\n\t<div class=\"cmsmasters_post_cont_wrap\">\r\n\t\t<div class=\"cmsmasters_post_img_wrap\"><figure class=\"cmsmasters_img_wrap\"><a href=\"http:\/\/morenacolima.si\/mitzuko\/obras-que-transforman\/\" title=\"Obras que Transforman\" class=\"cmsmasters_img_link preloader\"><img loading=\"lazy\" decoding=\"async\" width=\"580\" height=\"400\" src=\"http:\/\/morenacolima.si\/wp-content\/uploads\/2023\/11\/Screenshot_20231116_140935_com.facebook.katana_edit_57383354630306-580x400.jpg\" class=\"full-width wp-post-image\" alt=\"Obras que Transforman\" title=\"Screenshot_20231116_140935_com.facebook.katana_edit_57383354630306.jpg\" \/><\/a><\/figure><\/div>\r\n\t\t<div class=\"cmsmasters_post_cont\">\r\n\t\t\t<header class=\"cmsmasters_post_header entry-header\"><h3 class=\"cmsmasters_post_title entry-title\"><a href=\"http:\/\/morenacolima.si\/mitzuko\/obras-que-transforman\/\">Obras que Transforman<\/a><\/h3><\/header><div class=\"cmsmasters_post_content entry-content\">\n<p>\u00a1Con obras que transforman no hay marcha atr\u00e1s, sigamos con la transformaci\u00f3n!<\/p>\n<\/div>\n<footer class=\"cmsmasters_post_footer entry-meta\"><span class=\"cmsmasters_likes cmsmasters_post_likes\"><a href=\"#\" onclick=\"cmsmastersLike(15274, false); return false;\" id=\"cmsmastersLike-15274\" class=\"cmsmastersLike cmsmasters_theme_icon_like\"><span>0 <\/span><\/a><\/span><\/footer>\t\t<\/div>\r\n\t<\/div>\r\n<\/article>\r\n<!-- Finish Post Masonry Article -->\r\n\r\n<!-- Start Post Masonry Article -->\r\n<article id=\"post-15275\" class=\"cmsmasters_post_masonry post-15275 post type-post status-publish format-standard has-post-thumbnail hentry category-colima category-indira\" data-category=\"colima indira\">\r\n\t<div class=\"cmsmasters_post_cont_wrap\">\r\n\t\t<div class=\"cmsmasters_post_img_wrap\"><figure class=\"cmsmasters_img_wrap\"><a href=\"http:\/\/morenacolima.si\/mitzuko\/indira-vizcaino-2do-informe-cuahutemoc\/\" title=\"Indira Vizca\u00edno 2do Informe (Cuahut\u00e9moc)\" class=\"cmsmasters_img_link preloader\"><img loading=\"lazy\" decoding=\"async\" width=\"580\" height=\"400\" src=\"http:\/\/morenacolima.si\/wp-content\/uploads\/2023\/11\/Screenshot_20231116_120037-580x400.jpg\" class=\"full-width wp-post-image\" alt=\"Indira Vizca\u00edno 2do Informe (Cuahut\u00e9moc)\" title=\"Screenshot_20231116_120037.jpg\" \/><\/a><\/figure><\/div>\r\n\t\t<div class=\"cmsmasters_post_cont\">\r\n\t\t\t<header class=\"cmsmasters_post_header entry-header\"><h3 class=\"cmsmasters_post_title entry-title\"><a href=\"http:\/\/morenacolima.si\/mitzuko\/indira-vizcaino-2do-informe-cuahutemoc\/\">Indira Vizca\u00edno 2do Informe (Cuahut\u00e9moc)<\/a><\/h3><\/header><div class=\"cmsmasters_post_content entry-content\">\n<p>\u00a1En Cuauht\u00e9moc, no hay marcha atr\u00e1s, sigamos con la transformaci\u00f3n!<\/p>\n<\/div>\n<footer class=\"cmsmasters_post_footer entry-meta\"><span class=\"cmsmasters_likes cmsmasters_post_likes\"><a href=\"#\" onclick=\"cmsmastersLike(15275, false); return false;\" id=\"cmsmastersLike-15275\" class=\"cmsmastersLike cmsmasters_theme_icon_like\"><span>0 <\/span><\/a><\/span><\/footer>\t\t<\/div>\r\n\t<\/div>\r\n<\/article>\r\n<!-- Finish Post Masonry Article -->\r\n\r\n<!-- Start Post Masonry Article -->\r\n<article id=\"post-15270\" class=\"cmsmasters_post_masonry post-15270 post type-post status-publish format-standard has-post-thumbnail hentry category-colima category-indira\" data-category=\"colima indira\">\r\n\t<div class=\"cmsmasters_post_cont_wrap\">\r\n\t\t<div class=\"cmsmasters_post_img_wrap\"><figure class=\"cmsmasters_img_wrap\"><a href=\"http:\/\/morenacolima.si\/mitzuko\/libramiento-ejercito-mexicano\/\" title=\"Libramiento Ej\u00e9rcito Mexicano\" class=\"cmsmasters_img_link preloader\"><img loading=\"lazy\" decoding=\"async\" width=\"580\" height=\"400\" src=\"http:\/\/morenacolima.si\/wp-content\/uploads\/2023\/11\/Screenshot_20231116_114649-580x400.jpg\" class=\"full-width wp-post-image\" alt=\"Libramiento Ej\u00e9rcito Mexicano\" title=\"Screenshot_20231116_114649.jpg\" \/><\/a><\/figure><\/div>\r\n\t\t<div class=\"cmsmasters_post_cont\">\r\n\t\t\t<header class=\"cmsmasters_post_header entry-header\"><h3 class=\"cmsmasters_post_title entry-title\"><a href=\"http:\/\/morenacolima.si\/mitzuko\/libramiento-ejercito-mexicano\/\">Libramiento Ej\u00e9rcito Mexicano<\/a><\/h3><\/header><div class=\"cmsmasters_post_content entry-content\">\n<p>Mejorar la infraestructura vial es uno de los compromisos de la gobernadora Indira Vizca\u00edno<\/p>\n<\/div>\n<footer class=\"cmsmasters_post_footer entry-meta\"><span class=\"cmsmasters_likes cmsmasters_post_likes\"><a href=\"#\" onclick=\"cmsmastersLike(15270, false); return false;\" id=\"cmsmastersLike-15270\" class=\"cmsmastersLike cmsmasters_theme_icon_like\"><span>0 <\/span><\/a><\/span><\/footer>\t\t<\/div>\r\n\t<\/div>\r\n<\/article>\r\n<!-- Finish Post Masonry Article -->\r\n\r\n<!-- Start Post Masonry Article -->\r\n<article id=\"post-15244\" class=\"cmsmasters_post_masonry post-15244 post type-post status-publish format-standard has-post-thumbnail hentry category-colima category-indira\" data-category=\"colima indira\">\r\n\t<div class=\"cmsmasters_post_cont_wrap\">\r\n\t\t<div class=\"cmsmasters_post_img_wrap\"><figure class=\"cmsmasters_img_wrap\"><a href=\"http:\/\/morenacolima.si\/mitzuko\/recuperando-infraestructura-carretera\/\" title=\"Recuperando Infraestructura Carretera\" class=\"cmsmasters_img_link preloader\"><img loading=\"lazy\" decoding=\"async\" width=\"580\" height=\"400\" src=\"http:\/\/morenacolima.si\/wp-content\/uploads\/2023\/11\/Screenshot_20231115_195508-580x400.jpg\" class=\"full-width wp-post-image\" alt=\"Recuperando Infraestructura Carretera\" title=\"Screenshot_20231115_195508.jpg\" \/><\/a><\/figure><\/div>\r\n\t\t<div class=\"cmsmasters_post_cont\">\r\n\t\t\t<header class=\"cmsmasters_post_header entry-header\"><h3 class=\"cmsmasters_post_title entry-title\"><a href=\"http:\/\/morenacolima.si\/mitzuko\/recuperando-infraestructura-carretera\/\">Recuperando Infraestructura Carretera<\/a><\/h3><\/header><div class=\"cmsmasters_post_content entry-content\">\n<p>Recuperando Infraestructura Carretera<\/p>\n<\/div>\n<footer class=\"cmsmasters_post_footer entry-meta\"><span class=\"cmsmasters_likes cmsmasters_post_likes\"><a href=\"#\" onclick=\"cmsmastersLike(15244, false); return false;\" id=\"cmsmastersLike-15244\" class=\"cmsmastersLike cmsmasters_theme_icon_like\"><span>0 <\/span><\/a><\/span><\/footer>\t\t<\/div>\r\n\t<\/div>\r\n<\/article>\r\n<!-- Finish Post Masonry Article -->\r\n\r\n<!-- Start Post Masonry Article -->\r\n<article id=\"post-15245\" class=\"cmsmasters_post_masonry post-15245 post type-post status-publish format-standard has-post-thumbnail hentry category-colima category-indira\" data-category=\"colima indira\">\r\n\t<div class=\"cmsmasters_post_cont_wrap\">\r\n\t\t<div class=\"cmsmasters_post_img_wrap\"><figure class=\"cmsmasters_img_wrap\"><a href=\"http:\/\/morenacolima.si\/mitzuko\/buen-manejo-de-los-recursos-publicos\/\" title=\"Buen Manejo De Los Recursos P\u00fablicos\" class=\"cmsmasters_img_link preloader\"><img loading=\"lazy\" decoding=\"async\" width=\"580\" height=\"400\" src=\"http:\/\/morenacolima.si\/wp-content\/uploads\/2023\/11\/Screenshot_20231115_195105-580x400.jpg\" class=\"full-width wp-post-image\" alt=\"Buen Manejo De Los Recursos P\u00fablicos\" title=\"Screenshot_20231115_195105.jpg\" \/><\/a><\/figure><\/div>\r\n\t\t<div class=\"cmsmasters_post_cont\">\r\n\t\t\t<header class=\"cmsmasters_post_header entry-header\"><h3 class=\"cmsmasters_post_title entry-title\"><a href=\"http:\/\/morenacolima.si\/mitzuko\/buen-manejo-de-los-recursos-publicos\/\">Buen Manejo De Los Recursos P\u00fablicos<\/a><\/h3><\/header><div class=\"cmsmasters_post_content entry-content\">\n<p>Con el buen manejo de los recursos p\u00fablicos y eliminando privilegios se generaron ahorros por m\u00e1s de 500 millones de pesos<\/p>\n<\/div>\n<footer class=\"cmsmasters_post_footer entry-meta\"><span class=\"cmsmasters_likes cmsmasters_post_likes\"><a href=\"#\" onclick=\"cmsmastersLike(15245, false); return false;\" id=\"cmsmastersLike-15245\" class=\"cmsmastersLike cmsmasters_theme_icon_like\"><span>0 <\/span><\/a><\/span><\/footer>\t\t<\/div>\r\n\t<\/div>\r\n<\/article>\r\n<!-- Finish Post Masonry Article -->\r\n\r\n<!-- Start Post Masonry Article -->\r\n<article id=\"post-15243\" class=\"cmsmasters_post_masonry post-15243 post type-post status-publish format-standard has-post-thumbnail hentry category-colima category-indira\" data-category=\"colima indira\">\r\n\t<div class=\"cmsmasters_post_cont_wrap\">\r\n\t\t<div class=\"cmsmasters_post_img_wrap\"><figure class=\"cmsmasters_img_wrap\"><a href=\"http:\/\/morenacolima.si\/mitzuko\/educacion-una-prioridad\/\" title=\"Educaci\u00f3n! Una Prioridad\" class=\"cmsmasters_img_link preloader\"><img loading=\"lazy\" decoding=\"async\" width=\"580\" height=\"400\" src=\"http:\/\/morenacolima.si\/wp-content\/uploads\/2023\/11\/Screenshot_20231115_191155_com.facebook.katana_edit_18773116290885-580x400.jpg\" class=\"full-width wp-post-image\" alt=\"Educaci\u00f3n! Una Prioridad\" title=\"Screenshot_20231115_191155_com.facebook.katana_edit_18773116290885.jpg\" \/><\/a><\/figure><\/div>\r\n\t\t<div class=\"cmsmasters_post_cont\">\r\n\t\t\t<header class=\"cmsmasters_post_header entry-header\"><h3 class=\"cmsmasters_post_title entry-title\"><a href=\"http:\/\/morenacolima.si\/mitzuko\/educacion-una-prioridad\/\">Educaci\u00f3n! Una Prioridad<\/a><\/h3><\/header><div class=\"cmsmasters_post_content entry-content\">\n<p>En Colima, jam\u00e1s se hab\u00eda invertido tanto para apoyar a la educaci\u00f3n y a las familias colimenses.<\/p>\n<\/div>\n<footer class=\"cmsmasters_post_footer entry-meta\"><span class=\"cmsmasters_likes cmsmasters_post_likes\"><a href=\"#\" onclick=\"cmsmastersLike(15243, false); return false;\" id=\"cmsmastersLike-15243\" class=\"cmsmastersLike cmsmasters_theme_icon_like\"><span>0 <\/span><\/a><\/span><\/footer>\t\t<\/div>\r\n\t<\/div>\r\n<\/article>\r\n<!-- Finish Post Masonry Article -->\r\n\r\n<!-- Start Post Masonry Article -->\r\n<article id=\"post-15239\" class=\"cmsmasters_post_masonry post-15239 post type-post status-publish format-standard has-post-thumbnail hentry category-colima category-indira\" data-category=\"colima indira\">\r\n\t<div class=\"cmsmasters_post_cont_wrap\">\r\n\t\t<div class=\"cmsmasters_post_img_wrap\"><figure class=\"cmsmasters_img_wrap\"><a href=\"http:\/\/morenacolima.si\/mitzuko\/indira-vizcaino-2do-informe-tecoman\/\" title=\"Indira Vizca\u00edno 2do Informe (Tecom\u00e1n)\" class=\"cmsmasters_img_link preloader\"><img loading=\"lazy\" decoding=\"async\" width=\"580\" height=\"400\" src=\"http:\/\/morenacolima.si\/wp-content\/uploads\/2023\/11\/indira-tecoman-mitzuko-580x400.png\" class=\"full-width wp-post-image\" alt=\"Indira Vizca\u00edno 2do Informe (Tecom\u00e1n)\" title=\"indira tecoman mitzuko\" \/><\/a><\/figure><\/div>\r\n\t\t<div class=\"cmsmasters_post_cont\">\r\n\t\t\t<header class=\"cmsmasters_post_header entry-header\"><h3 class=\"cmsmasters_post_title entry-title\"><a href=\"http:\/\/morenacolima.si\/mitzuko\/indira-vizcaino-2do-informe-tecoman\/\">Indira Vizca\u00edno 2do Informe (Tecom\u00e1n)<\/a><\/h3><\/header><div class=\"cmsmasters_post_content entry-content\">\n<p>Hoy te quiero platicar lo que hicimos este a\u00f1o en Villa de \u00c1lvarez.<\/p>\n<\/div>\n<footer class=\"cmsmasters_post_footer entry-meta\"><span class=\"cmsmasters_likes cmsmasters_post_likes\"><a href=\"#\" onclick=\"cmsmastersLike(15239, false); return false;\" id=\"cmsmastersLike-15239\" class=\"cmsmastersLike cmsmasters_theme_icon_like\"><span>0 <\/span><\/a><\/span><\/footer>\t\t<\/div>\r\n\t<\/div>\r\n<\/article>\r\n<!-- Finish Post Masonry Article -->\r\n\r\n<\/div><div class=\"cmsmasters_wrap_more_posts cmsmasters_wrap_more_items\"><div class=\"cmsmasters_wrap_pagination\"><ul class='page-numbers'>\n\t<li><span aria-current=\"page\" class=\"page-numbers current\">1<\/span><\/li>\n\t<li><a class=\"page-numbers\" href=\"http:\/\/morenacolima.si\/mitzuko\/wp-json\/wp\/v2\/pages\/15303\/page\/2\/\">2<\/a><\/li>\n\t<li><a class=\"next page-numbers\" href=\"http:\/\/morenacolima.si\/mitzuko\/wp-json\/wp\/v2\/pages\/15303\/page\/2\/\"><span class=\"cmsmasters_theme_icon_pagination_next\"><span><\/span><\/span><\/a><\/li>\n<\/ul>\n<\/div><\/div><\/div>\n<\/div><\/div>\n<\/div>\n<\/div>\n<\/div>\n<\/div>\n<\/div>\n\n","protected":false},"excerpt":{"rendered":"","protected":false},"author":1,"featured_media":0,"parent":0,"menu_order":0,"comment_status":"closed","ping_status":"closed","template":"","meta":{"footnotes":""},"class_list":["post-15303","page","type-page","status-publish","hentry"],"_links":{"self":[{"href":"http:\/\/morenacolima.si\/mitzuko\/wp-json\/wp\/v2\/pages\/15303","targetHints":{"allow":["GET"]}}],"collection":[{"href":"http:\/\/morenacolima.si\/mitzuko\/wp-json\/wp\/v2\/pages"}],"about":[{"href":"http:\/\/morenacolima.si\/mitzuko\/wp-json\/wp\/v2\/types\/page"}],"author":[{"embeddable":true,"href":"http:\/\/morenacolima.si\/mitzuko\/wp-json\/wp\/v2\/users\/1"}],"replies":[{"embeddable":true,"href":"http:\/\/morenacolima.si\/mitzuko\/wp-json\/wp\/v2\/comments?post=15303"}],"version-history":[{"count":6,"href":"http:\/\/morenacolima.si\/mitzuko\/wp-json\/wp\/v2\/pages\/15303\/revisions"}],"predecessor-version":[{"id":15310,"href":"http:\/\/morenacolima.si\/mitzuko\/wp-json\/wp\/v2\/pages\/15303\/revisions\/15310"}],"wp:attachment":[{"href":"http:\/\/morenacolima.si\/mitzuko\/wp-json\/wp\/v2\/media?parent=15303"}],"curies":[{"name":"wp","href":"https:\/\/api.w.org\/{rel}","templated":true}]}}