{"id":14886,"date":"2023-06-05T00:23:58","date_gmt":"2023-06-05T00:23:58","guid":{"rendered":"http:\/\/morenacolima.si\/mitzuko\/?page_id=14886"},"modified":"2023-06-05T00:41:21","modified_gmt":"2023-06-05T00:41:21","slug":"la-voz-colima","status":"publish","type":"page","link":"http:\/\/morenacolima.si\/mitzuko\/la-voz-colima\/","title":{"rendered":"La Voz Colima"},"content":{"rendered":"<div id=\"cmsmasters_row_1ias78bs7f\" class=\"cmsmasters_row cmsmasters_color_scheme_default cmsmasters_row_top_default cmsmasters_row_bot_default cmsmasters_row_boxed\">\n<div class=\"cmsmasters_row_outer_parent\">\n<div class=\"cmsmasters_row_outer\">\n<div class=\"cmsmasters_row_inner\">\n<div class=\"cmsmasters_row_margin\">\n<div id=\"cmsmasters_column_9hkw15ahc5\" class=\"cmsmasters_column one_first\">\n<div class=\"cmsmasters_column_inner\"><div id=\"blog_z917wdlvcf\" class=\"cmsmasters_wrap_blog entry-summary\" data-layout=\"columns\" data-layout-mode=\"masonry\" data-url=\"http:\/\/morenacolima.si\/wp-content\/plugins\/cmsmasters-content-composer\/\" data-orderby=\"date\" data-order=\"DESC\" data-count=\"12\" data-categories=\"la-voz\" data-metadata=\"excerpt,views\" data-pagination=\"pagination\"><div class=\"blog columns masonry cmsmasters_3\"><!-- Start Post Masonry Article -->\r\n<article id=\"post-15050\" class=\"cmsmasters_post_masonry post-15050 post type-post status-publish format-standard has-post-thumbnail hentry category-la-voz\" data-category=\"la-voz\">\r\n\t<div class=\"cmsmasters_post_cont_wrap\">\r\n\t\t<div class=\"cmsmasters_post_img_wrap\"><figure class=\"cmsmasters_img_wrap\"><a href=\"http:\/\/morenacolima.si\/mitzuko\/basurero-municipal-de-colima\/\" title=\"Basurero Municipal de Colima\" class=\"cmsmasters_img_link preloader\"><img loading=\"lazy\" decoding=\"async\" width=\"580\" height=\"400\" src=\"http:\/\/morenacolima.si\/wp-content\/uploads\/2023\/08\/1307-maragarita-morena-colima-1-580x400.jpg\" class=\"full-width wp-post-image\" alt=\"Basurero Municipal de Colima\" title=\"1307-maragarita-morena-colima-1\" \/><\/a><\/figure><\/div>\r\n\t\t<div class=\"cmsmasters_post_cont\">\r\n\t\t\t<header class=\"cmsmasters_post_header entry-header\"><h3 class=\"cmsmasters_post_title entry-title\"><a href=\"http:\/\/morenacolima.si\/mitzuko\/basurero-municipal-de-colima\/\">Basurero Municipal de Colima<\/a><\/h3><\/header><div class=\"cmsmasters_post_content entry-content\">\n<p>Esto es en serio, est\u00e1 peligroso para la ciudadan\u00eda, est\u00e1 peligroso para una persona que venga caminando o en bicicleta, vean nada m\u00e1s, atenci\u00f3n hay que poner las autoridades del ayuntamiento de Colima...<\/p>\n<\/div>\n<footer class=\"cmsmasters_post_footer entry-meta\"><span class=\"cmsmasters_views cmsmasters_post_views\"><span id=\"cmsmastersView-15050\" class=\"cmsmastersView cmsmasters_theme_icon_view\"><span>40<\/span><\/span><\/span><\/footer>\t\t<\/div>\r\n\t<\/div>\r\n<\/article>\r\n<!-- Finish Post Masonry Article -->\r\n\r\n<!-- Start Post Masonry Article -->\r\n<article id=\"post-15046\" class=\"cmsmasters_post_masonry post-15046 post type-post status-publish format-standard has-post-thumbnail hentry category-la-voz\" data-category=\"la-voz\">\r\n\t<div class=\"cmsmasters_post_cont_wrap\">\r\n\t\t<div class=\"cmsmasters_post_img_wrap\"><figure class=\"cmsmasters_img_wrap\"><a href=\"http:\/\/morenacolima.si\/mitzuko\/todos-los-ciudadanos\/\" title=\"Todos Los Ciudadanos\" class=\"cmsmasters_img_link preloader\"><img loading=\"lazy\" decoding=\"async\" width=\"580\" height=\"400\" src=\"http:\/\/morenacolima.si\/wp-content\/uploads\/2023\/08\/0407-bienes-morena-colima-1-580x400.jpg\" class=\"full-width wp-post-image\" alt=\"Todos Los Ciudadanos\" title=\"0407-bienes-morena-colima-1\" \/><\/a><\/figure><\/div>\r\n\t\t<div class=\"cmsmasters_post_cont\">\r\n\t\t\t<header class=\"cmsmasters_post_header entry-header\"><h3 class=\"cmsmasters_post_title entry-title\"><a href=\"http:\/\/morenacolima.si\/mitzuko\/todos-los-ciudadanos\/\">Todos Los Ciudadanos<\/a><\/h3><\/header><div class=\"cmsmasters_post_content entry-content\">\n<p>La alcaldesa de Colima est\u00e1 a punto de entregar un predio que le pertenece a todos los ciudadanos y municipios de Colima y se los va a entregar a los ex trabajadores---<\/p>\n<\/div>\n<footer class=\"cmsmasters_post_footer entry-meta\"><span class=\"cmsmasters_views cmsmasters_post_views\"><span id=\"cmsmastersView-15046\" class=\"cmsmastersView cmsmasters_theme_icon_view\"><span>25<\/span><\/span><\/span><\/footer>\t\t<\/div>\r\n\t<\/div>\r\n<\/article>\r\n<!-- Finish Post Masonry Article -->\r\n\r\n<!-- Start Post Masonry Article -->\r\n<article id=\"post-15040\" class=\"cmsmasters_post_masonry post-15040 post type-post status-publish format-standard has-post-thumbnail hentry category-la-voz\" data-category=\"la-voz\">\r\n\t<div class=\"cmsmasters_post_cont_wrap\">\r\n\t\t<div class=\"cmsmasters_post_img_wrap\"><figure class=\"cmsmasters_img_wrap\"><a href=\"http:\/\/morenacolima.si\/mitzuko\/vado-de-milenio-iv\/\" title=\"Vado De Milenio IV\" class=\"cmsmasters_img_link preloader\"><img loading=\"lazy\" decoding=\"async\" width=\"580\" height=\"400\" src=\"http:\/\/morenacolima.si\/wp-content\/uploads\/2023\/08\/0307-soluciones-moren-colima-1-580x400.jpg\" class=\"full-width wp-post-image\" alt=\"Vado De Milenio IV\" title=\"0307-soluciones-moren-colima-1\" \/><\/a><\/figure><\/div>\r\n\t\t<div class=\"cmsmasters_post_cont\">\r\n\t\t\t<header class=\"cmsmasters_post_header entry-header\"><h3 class=\"cmsmasters_post_title entry-title\"><a href=\"http:\/\/morenacolima.si\/mitzuko\/vado-de-milenio-iv\/\">Vado De Milenio IV<\/a><\/h3><\/header><div class=\"cmsmasters_post_content entry-content\">\n<p>Hoy quiero compartir con ustedes una preocupante realidad, el vado de Milenio IV una de las obras que Margarita Moreno presumi\u00f3 como un gran logro para nuestra comunidad, ha demostrado su fracaso desde la inauguraci\u00f3n...<\/p>\n<\/div>\n<footer class=\"cmsmasters_post_footer entry-meta\"><span class=\"cmsmasters_views cmsmasters_post_views\"><span id=\"cmsmastersView-15040\" class=\"cmsmastersView cmsmasters_theme_icon_view\"><span>27<\/span><\/span><\/span><\/footer>\t\t<\/div>\r\n\t<\/div>\r\n<\/article>\r\n<!-- Finish Post Masonry Article -->\r\n\r\n<!-- Start Post Masonry Article -->\r\n<article id=\"post-15036\" class=\"cmsmasters_post_masonry post-15036 post type-post status-publish format-standard has-post-thumbnail hentry category-la-voz\" data-category=\"la-voz\">\r\n\t<div class=\"cmsmasters_post_cont_wrap\">\r\n\t\t<div class=\"cmsmasters_post_img_wrap\"><figure class=\"cmsmasters_img_wrap\"><a href=\"http:\/\/morenacolima.si\/mitzuko\/mucho-que-aprender\/\" title=\"Mucho Que Aprender\" class=\"cmsmasters_img_link preloader\"><img loading=\"lazy\" decoding=\"async\" width=\"580\" height=\"400\" src=\"http:\/\/morenacolima.si\/wp-content\/uploads\/2023\/08\/2906-entorpecen-morena-colima-1-580x400.jpg\" class=\"full-width wp-post-image\" alt=\"Mucho Que Aprender\" title=\"2906-entorpecen-morena-colima-1\" \/><\/a><\/figure><\/div>\r\n\t\t<div class=\"cmsmasters_post_cont\">\r\n\t\t\t<header class=\"cmsmasters_post_header entry-header\"><h3 class=\"cmsmasters_post_title entry-title\"><a href=\"http:\/\/morenacolima.si\/mitzuko\/mucho-que-aprender\/\">Mucho Que Aprender<\/a><\/h3><\/header><div class=\"cmsmasters_post_content entry-content\">\n<p>Definitivamente tiene mucho que aprender la oposici\u00f3n no saben encabezar las luchas, lo \u00fanico que hacen es entorpecer el trabajo legislativo sin propuestas...<\/p>\n<\/div>\n<footer class=\"cmsmasters_post_footer entry-meta\"><span class=\"cmsmasters_views cmsmasters_post_views\"><span id=\"cmsmastersView-15036\" class=\"cmsmastersView cmsmasters_theme_icon_view\"><span>29<\/span><\/span><\/span><\/footer>\t\t<\/div>\r\n\t<\/div>\r\n<\/article>\r\n<!-- Finish Post Masonry Article -->\r\n\r\n<!-- Start Post Masonry Article -->\r\n<article id=\"post-15032\" class=\"cmsmasters_post_masonry post-15032 post type-post status-publish format-standard has-post-thumbnail hentry category-la-voz\" data-category=\"la-voz\">\r\n\t<div class=\"cmsmasters_post_cont_wrap\">\r\n\t\t<div class=\"cmsmasters_post_img_wrap\"><figure class=\"cmsmasters_img_wrap\"><a href=\"http:\/\/morenacolima.si\/mitzuko\/deudores-alimentarios\/\" title=\"Deudores Alimentarios\" class=\"cmsmasters_img_link preloader\"><img loading=\"lazy\" decoding=\"async\" width=\"580\" height=\"400\" src=\"http:\/\/morenacolima.si\/wp-content\/uploads\/2023\/08\/2406-alimentarios-morena-colima-1-580x400.jpg\" class=\"full-width wp-post-image\" alt=\"Deudores Alimentarios\" title=\"2406-alimentarios-morena-colima-1\" \/><\/a><\/figure><\/div>\r\n\t\t<div class=\"cmsmasters_post_cont\">\r\n\t\t\t<header class=\"cmsmasters_post_header entry-header\"><h3 class=\"cmsmasters_post_title entry-title\"><a href=\"http:\/\/morenacolima.si\/mitzuko\/deudores-alimentarios\/\">Deudores Alimentarios<\/a><\/h3><\/header><div class=\"cmsmasters_post_content entry-content\">\n<p>La gobernadora Indira Vizca\u00edno nuevamente se compromete con las mujeres de Colima y con el inter\u00e9s superior del menor, anunci\u00f3 que trabajar\u00e1 con el poder judicial y con el registro civil para tener un registro de deudores alimentarios...<\/p>\n<\/div>\n<footer class=\"cmsmasters_post_footer entry-meta\"><span class=\"cmsmasters_views cmsmasters_post_views\"><span id=\"cmsmastersView-15032\" class=\"cmsmastersView cmsmasters_theme_icon_view\"><span>20<\/span><\/span><\/span><\/footer>\t\t<\/div>\r\n\t<\/div>\r\n<\/article>\r\n<!-- Finish Post Masonry Article -->\r\n\r\n<!-- Start Post Masonry Article -->\r\n<article id=\"post-15025\" class=\"cmsmasters_post_masonry post-15025 post type-post status-publish format-standard has-post-thumbnail hentry category-la-voz\" data-category=\"la-voz\">\r\n\t<div class=\"cmsmasters_post_cont_wrap\">\r\n\t\t<div class=\"cmsmasters_post_img_wrap\"><figure class=\"cmsmasters_img_wrap\"><a href=\"http:\/\/morenacolima.si\/mitzuko\/buenos-resultados\/\" title=\"Buenos Resultados\" class=\"cmsmasters_img_link preloader\"><img loading=\"lazy\" decoding=\"async\" width=\"580\" height=\"400\" src=\"http:\/\/morenacolima.si\/wp-content\/uploads\/2023\/08\/1406-semaforo-morena-colima-1-580x400.jpg\" class=\"full-width wp-post-image\" alt=\"Buenos Resultados\" title=\"1406-semaforo-morena-colima-1\" \/><\/a><\/figure><\/div>\r\n\t\t<div class=\"cmsmasters_post_cont\">\r\n\t\t\t<header class=\"cmsmasters_post_header entry-header\"><h3 class=\"cmsmasters_post_title entry-title\"><a href=\"http:\/\/morenacolima.si\/mitzuko\/buenos-resultados\/\">Buenos Resultados<\/a><\/h3><\/header><div class=\"cmsmasters_post_content entry-content\">\n<p>En el sem\u00e1foro de sistemas de alerta de la secretar\u00eda de hacienda y cr\u00e9dito p\u00fablico el d\u00eda de hoy el estado de Colima paso de color amarillo a color verde...<\/p>\n<\/div>\n<footer class=\"cmsmasters_post_footer entry-meta\"><span class=\"cmsmasters_views cmsmasters_post_views\"><span id=\"cmsmastersView-15025\" class=\"cmsmastersView cmsmasters_theme_icon_view\"><span>22<\/span><\/span><\/span><\/footer>\t\t<\/div>\r\n\t<\/div>\r\n<\/article>\r\n<!-- Finish Post Masonry Article -->\r\n\r\n<!-- Start Post Masonry Article -->\r\n<article id=\"post-14843\" class=\"cmsmasters_post_masonry post-14843 post type-post status-publish format-standard has-post-thumbnail hentry category-la-voz\" data-category=\"la-voz\">\r\n\t<div class=\"cmsmasters_post_cont_wrap\">\r\n\t\t<div class=\"cmsmasters_post_img_wrap\"><figure class=\"cmsmasters_img_wrap\"><a href=\"http:\/\/morenacolima.si\/mitzuko\/ex-zona-militar\/\" title=\"Ex Zona Militar\" class=\"cmsmasters_img_link preloader\"><img loading=\"lazy\" decoding=\"async\" width=\"580\" height=\"400\" src=\"http:\/\/morenacolima.si\/wp-content\/uploads\/2023\/06\/zona1-580x400.png\" class=\"full-width wp-post-image\" alt=\"Ex Zona Militar\" title=\"zona1\" \/><\/a><\/figure><\/div>\r\n\t\t<div class=\"cmsmasters_post_cont\">\r\n\t\t\t<header class=\"cmsmasters_post_header entry-header\"><h3 class=\"cmsmasters_post_title entry-title\"><a href=\"http:\/\/morenacolima.si\/mitzuko\/ex-zona-militar\/\">Ex Zona Militar<\/a><\/h3><\/header><div class=\"cmsmasters_post_content entry-content\">\n<p>La ex zona militar en el Estado de Colima, anteriormente exclusivo de las fuerzas armadas, es hoy con la gobernadora Indira Vizca\u00edno que se rescatan espacios con el pueblo, para el pueblo y desde el pueblo...<\/p>\n<\/div>\n<footer class=\"cmsmasters_post_footer entry-meta\"><span class=\"cmsmasters_views cmsmasters_post_views\"><span id=\"cmsmastersView-14843\" class=\"cmsmastersView cmsmasters_theme_icon_view\"><span>36<\/span><\/span><\/span><\/footer>\t\t<\/div>\r\n\t<\/div>\r\n<\/article>\r\n<!-- Finish Post Masonry Article -->\r\n\r\n<!-- Start Post Masonry Article -->\r\n<article id=\"post-14818\" class=\"cmsmasters_post_masonry post-14818 post type-post status-publish format-standard has-post-thumbnail hentry category-la-voz\" data-category=\"la-voz\">\r\n\t<div class=\"cmsmasters_post_cont_wrap\">\r\n\t\t<div class=\"cmsmasters_post_img_wrap\"><figure class=\"cmsmasters_img_wrap\"><a href=\"http:\/\/morenacolima.si\/mitzuko\/carlos-noriega\/\" title=\"Carlos Noriega\" class=\"cmsmasters_img_link preloader\"><img loading=\"lazy\" decoding=\"async\" width=\"580\" height=\"400\" src=\"http:\/\/morenacolima.si\/wp-content\/uploads\/2023\/05\/carlos1-580x400.png\" class=\"full-width wp-post-image\" alt=\"Carlos Noriega\" title=\"carlos1\" \/><\/a><\/figure><\/div>\r\n\t\t<div class=\"cmsmasters_post_cont\">\r\n\t\t\t<header class=\"cmsmasters_post_header entry-header\"><h3 class=\"cmsmasters_post_title entry-title\"><a href=\"http:\/\/morenacolima.si\/mitzuko\/carlos-noriega\/\">Carlos Noriega<\/a><\/h3><\/header><div class=\"cmsmasters_post_content entry-content\">\n<p>El ex secretario de recursos financieros, de finanzas del gobierno del estado, acaban de declarar la vinculaci\u00f3n a proceso, un hecho sin precedentes en el Estado de Colima.<\/p>\n<\/div>\n<footer class=\"cmsmasters_post_footer entry-meta\"><span class=\"cmsmasters_views cmsmasters_post_views\"><span id=\"cmsmastersView-14818\" class=\"cmsmastersView cmsmasters_theme_icon_view\"><span>24<\/span><\/span><\/span><\/footer>\t\t<\/div>\r\n\t<\/div>\r\n<\/article>\r\n<!-- Finish Post Masonry Article -->\r\n\r\n<!-- Start Post Masonry Article -->\r\n<article id=\"post-14811\" class=\"cmsmasters_post_masonry post-14811 post type-post status-publish format-standard has-post-thumbnail hentry category-la-voz\" data-category=\"la-voz\">\r\n\t<div class=\"cmsmasters_post_cont_wrap\">\r\n\t\t<div class=\"cmsmasters_post_img_wrap\"><figure class=\"cmsmasters_img_wrap\"><a href=\"http:\/\/morenacolima.si\/mitzuko\/radar-de-velocidad\/\" title=\"Radar de Velocidad\" class=\"cmsmasters_img_link preloader\"><img loading=\"lazy\" decoding=\"async\" width=\"580\" height=\"400\" src=\"http:\/\/morenacolima.si\/wp-content\/uploads\/2023\/05\/paraderos1-580x400.jpg\" class=\"full-width wp-post-image\" alt=\"Radar de Velocidad\" title=\"paraderos1\" \/><\/a><\/figure><\/div>\r\n\t\t<div class=\"cmsmasters_post_cont\">\r\n\t\t\t<header class=\"cmsmasters_post_header entry-header\"><h3 class=\"cmsmasters_post_title entry-title\"><a href=\"http:\/\/morenacolima.si\/mitzuko\/radar-de-velocidad\/\">Radar de Velocidad<\/a><\/h3><\/header><div class=\"cmsmasters_post_content entry-content\">\n<p> \u00a1radar de velocidad! que en realidad sirve como una trampa vehicular, en este caso dicen que no tiene fines recaudatorios, \u00a1por ahora!<\/p>\n<\/div>\n<footer class=\"cmsmasters_post_footer entry-meta\"><span class=\"cmsmasters_views cmsmasters_post_views\"><span id=\"cmsmastersView-14811\" class=\"cmsmastersView cmsmasters_theme_icon_view\"><span>42<\/span><\/span><\/span><\/footer>\t\t<\/div>\r\n\t<\/div>\r\n<\/article>\r\n<!-- Finish Post Masonry Article -->\r\n\r\n<!-- Start Post Masonry Article -->\r\n<article id=\"post-14785\" class=\"cmsmasters_post_masonry post-14785 post type-post status-publish format-standard has-post-thumbnail hentry category-la-voz\" data-category=\"la-voz\">\r\n\t<div class=\"cmsmasters_post_cont_wrap\">\r\n\t\t<div class=\"cmsmasters_post_img_wrap\"><figure class=\"cmsmasters_img_wrap\"><a href=\"http:\/\/morenacolima.si\/mitzuko\/margarita-sigue-golpeando\/\" title=\"Margarita Sigue Golpeando\" class=\"cmsmasters_img_link preloader\"><img loading=\"lazy\" decoding=\"async\" width=\"580\" height=\"400\" src=\"http:\/\/morenacolima.si\/wp-content\/uploads\/2023\/05\/sigue-golpeando1-580x400.jpg\" class=\"full-width wp-post-image\" alt=\"Margarita Sigue Golpeando\" title=\"sigue golpeando1\" \/><\/a><\/figure><\/div>\r\n\t\t<div class=\"cmsmasters_post_cont\">\r\n\t\t\t<header class=\"cmsmasters_post_header entry-header\"><h3 class=\"cmsmasters_post_title entry-title\"><a href=\"http:\/\/morenacolima.si\/mitzuko\/margarita-sigue-golpeando\/\">Margarita Sigue Golpeando<\/a><\/h3><\/header><div class=\"cmsmasters_post_content entry-content\">\n<p>Margarita Moreno actual presidenta municipal de Colima sigue golpeando la econom\u00eda de los comerciantes que viven al d\u00eda<\/p>\n<\/div>\n<footer class=\"cmsmasters_post_footer entry-meta\"><span class=\"cmsmasters_views cmsmasters_post_views\"><span id=\"cmsmastersView-14785\" class=\"cmsmastersView cmsmasters_theme_icon_view\"><span>27<\/span><\/span><\/span><\/footer>\t\t<\/div>\r\n\t<\/div>\r\n<\/article>\r\n<!-- Finish Post Masonry Article -->\r\n\r\n<!-- Start Post Masonry Article -->\r\n<article id=\"post-12400\" class=\"cmsmasters_post_masonry post-12400 post type-post status-publish format-standard has-post-thumbnail hentry category-la-voz\" data-category=\"la-voz\">\r\n\t<div class=\"cmsmasters_post_cont_wrap\">\r\n\t\t<div class=\"cmsmasters_post_img_wrap\"><figure class=\"cmsmasters_img_wrap\"><a href=\"http:\/\/morenacolima.si\/mitzuko\/cuentas-pendientes\/\" title=\"Cuentas Pendientes\" class=\"cmsmasters_img_link preloader\"><img loading=\"lazy\" decoding=\"async\" width=\"580\" height=\"400\" src=\"http:\/\/morenacolima.si\/wp-content\/uploads\/2016\/10\/cuenats-pendeites-580x400.png\" class=\"full-width wp-post-image\" alt=\"Cuentas Pendientes\" title=\"cuenats pendeites\" \/><\/a><\/figure><\/div>\r\n\t\t<div class=\"cmsmasters_post_cont\">\r\n\t\t\t<header class=\"cmsmasters_post_header entry-header\"><h3 class=\"cmsmasters_post_title entry-title\"><a href=\"http:\/\/morenacolima.si\/mitzuko\/cuentas-pendientes\/\">Cuentas Pendientes<\/a><\/h3><\/header><div class=\"cmsmasters_post_content entry-content\">\n<p>Resulta que no se les han pagado sus \u00faltimas quincenas a pesar de que concluy\u00f3 hace varios meses<\/p>\n<\/div>\n<footer class=\"cmsmasters_post_footer entry-meta\"><span class=\"cmsmasters_views cmsmasters_post_views\"><span id=\"cmsmastersView-12400\" class=\"cmsmastersView cmsmasters_theme_icon_view\"><span>42<\/span><\/span><\/span><\/footer>\t\t<\/div>\r\n\t<\/div>\r\n<\/article>\r\n<!-- Finish Post Masonry Article -->\r\n\r\n<\/div><div class=\"cmsmasters_wrap_more_posts cmsmasters_wrap_more_items\"><\/div><\/div>\n<\/div><\/div>\n<\/div>\n<\/div>\n<\/div>\n<\/div>\n<\/div>\n\n","protected":false},"excerpt":{"rendered":"","protected":false},"author":1,"featured_media":0,"parent":0,"menu_order":0,"comment_status":"closed","ping_status":"closed","template":"","meta":{"footnotes":""},"class_list":["post-14886","page","type-page","status-publish","hentry"],"_links":{"self":[{"href":"http:\/\/morenacolima.si\/mitzuko\/wp-json\/wp\/v2\/pages\/14886","targetHints":{"allow":["GET"]}}],"collection":[{"href":"http:\/\/morenacolima.si\/mitzuko\/wp-json\/wp\/v2\/pages"}],"about":[{"href":"http:\/\/morenacolima.si\/mitzuko\/wp-json\/wp\/v2\/types\/page"}],"author":[{"embeddable":true,"href":"http:\/\/morenacolima.si\/mitzuko\/wp-json\/wp\/v2\/users\/1"}],"replies":[{"embeddable":true,"href":"http:\/\/morenacolima.si\/mitzuko\/wp-json\/wp\/v2\/comments?post=14886"}],"version-history":[{"count":5,"href":"http:\/\/morenacolima.si\/mitzuko\/wp-json\/wp\/v2\/pages\/14886\/revisions"}],"predecessor-version":[{"id":14900,"href":"http:\/\/morenacolima.si\/mitzuko\/wp-json\/wp\/v2\/pages\/14886\/revisions\/14900"}],"wp:attachment":[{"href":"http:\/\/morenacolima.si\/mitzuko\/wp-json\/wp\/v2\/media?parent=14886"}],"curies":[{"name":"wp","href":"https:\/\/api.w.org\/{rel}","templated":true}]}}