{"id":14883,"date":"2023-06-05T00:23:02","date_gmt":"2023-06-05T00:23:02","guid":{"rendered":"http:\/\/morenacolima.si\/mitzuko\/?page_id=14883"},"modified":"2023-06-05T00:42:05","modified_gmt":"2023-06-05T00:42:05","slug":"noticias-colima","status":"publish","type":"page","link":"http:\/\/morenacolima.si\/mitzuko\/noticias-colima\/","title":{"rendered":"Noticias Colima"},"content":{"rendered":"<div id=\"cmsmasters_row_8o093nbkbs\" class=\"cmsmasters_row cmsmasters_color_scheme_default cmsmasters_row_top_default cmsmasters_row_bot_default cmsmasters_row_boxed\">\n<div class=\"cmsmasters_row_outer_parent\">\n<div class=\"cmsmasters_row_outer\">\n<div class=\"cmsmasters_row_inner\">\n<div class=\"cmsmasters_row_margin\">\n<div id=\"cmsmasters_column_46ilkcwl4\" class=\"cmsmasters_column one_first\">\n<div class=\"cmsmasters_column_inner\"><div id=\"blog_bwu2wfigyx\" class=\"cmsmasters_wrap_blog entry-summary\" data-layout=\"columns\" data-layout-mode=\"masonry\" data-url=\"http:\/\/morenacolima.si\/wp-content\/plugins\/cmsmasters-content-composer\/\" data-orderby=\"date\" data-order=\"DESC\" data-count=\"12\" data-categories=\"colima\" data-metadata=\"excerpt,views\" data-pagination=\"pagination\"><div class=\"blog columns masonry cmsmasters_3\"><!-- Start Post Masonry Article -->\r\n<article id=\"post-15441\" class=\"cmsmasters_post_masonry post-15441 post type-post status-publish format-standard has-post-thumbnail hentry category-colima\" data-category=\"colima\">\r\n\t<div class=\"cmsmasters_post_cont_wrap\">\r\n\t\t<div class=\"cmsmasters_post_img_wrap\"><figure class=\"cmsmasters_img_wrap\"><a href=\"http:\/\/morenacolima.si\/mitzuko\/anuncio-de-las-precandidaturas\/\" title=\"Anuncio de las Precandidaturas\" class=\"cmsmasters_img_link preloader\"><img loading=\"lazy\" decoding=\"async\" width=\"580\" height=\"400\" src=\"http:\/\/morenacolima.si\/wp-content\/uploads\/2024\/01\/image_editor_output_image-2082565851-1706204273887-580x400.jpg\" class=\"full-width wp-post-image\" alt=\"Anuncio de las Precandidaturas\" title=\"image_editor_output_image-2082565851-1706204273887.jpg\" \/><\/a><\/figure><\/div>\r\n\t\t<div class=\"cmsmasters_post_cont\">\r\n\t\t\t<header class=\"cmsmasters_post_header entry-header\"><h3 class=\"cmsmasters_post_title entry-title\"><a href=\"http:\/\/morenacolima.si\/mitzuko\/anuncio-de-las-precandidaturas\/\">Anuncio de las Precandidaturas<\/a><\/h3><\/header><div class=\"cmsmasters_post_content entry-content\">\n<p>El partido evalu\u00f3 de manera positiva las cualidades y caracter\u00edsticas individuales de cada uno de estos candidatos de Morena<\/p>\n<\/div>\n<footer class=\"cmsmasters_post_footer entry-meta\"><span class=\"cmsmasters_views cmsmasters_post_views\"><span id=\"cmsmastersView-15441\" class=\"cmsmastersView cmsmasters_theme_icon_view\"><span>34<\/span><\/span><\/span><\/footer>\t\t<\/div>\r\n\t<\/div>\r\n<\/article>\r\n<!-- Finish Post Masonry Article -->\r\n\r\n<!-- Start Post Masonry Article -->\r\n<article id=\"post-15437\" class=\"cmsmasters_post_masonry post-15437 post type-post status-publish format-standard has-post-thumbnail hentry category-colima category-notas\" data-category=\"colima notas\">\r\n\t<div class=\"cmsmasters_post_cont_wrap\">\r\n\t\t<div class=\"cmsmasters_post_img_wrap\"><figure class=\"cmsmasters_img_wrap\"><a href=\"http:\/\/morenacolima.si\/mitzuko\/felicidades\/\" title=\"Felicidades\" class=\"cmsmasters_img_link preloader\"><img loading=\"lazy\" decoding=\"async\" width=\"580\" height=\"400\" src=\"http:\/\/morenacolima.si\/wp-content\/uploads\/2024\/01\/image_editor_output_image1547818743-1706203686946-580x400.jpg\" class=\"full-width wp-post-image\" alt=\"Felicidades\" title=\"image_editor_output_image1547818743-1706203686946.jpg\" \/><\/a><\/figure><\/div>\r\n\t\t<div class=\"cmsmasters_post_cont\">\r\n\t\t\t<header class=\"cmsmasters_post_header entry-header\"><h3 class=\"cmsmasters_post_title entry-title\"><a href=\"http:\/\/morenacolima.si\/mitzuko\/felicidades\/\">Felicidades<\/a><\/h3><\/header><div class=\"cmsmasters_post_content entry-content\">\n<p>celebr\u00f3 el anuncio de la Comisi\u00f3n Nacional de Elecciones, la cual present\u00f3 la definici\u00f3n de las pr\u00f3ximas postulaciones de Viri Valencia Vargas, Rosi Bayardo Cabrera, Armando Reyna Maga\u00f1a y Memo Toscano Reyes para los ayuntamientos de Colima, Manzanillo, Tecom\u00e1n y Villa de \u00c1lvarez,<\/p>\n<\/div>\n<footer class=\"cmsmasters_post_footer entry-meta\"><span class=\"cmsmasters_views cmsmasters_post_views\"><span id=\"cmsmastersView-15437\" class=\"cmsmastersView cmsmasters_theme_icon_view\"><span>39<\/span><\/span><\/span><\/footer>\t\t<\/div>\r\n\t<\/div>\r\n<\/article>\r\n<!-- Finish Post Masonry Article -->\r\n\r\n<!-- Start Post Masonry Article -->\r\n<article id=\"post-15295\" class=\"cmsmasters_post_masonry post-15295 post type-post status-publish format-standard has-post-thumbnail hentry category-colima category-indira\" data-category=\"colima indira\">\r\n\t<div class=\"cmsmasters_post_cont_wrap\">\r\n\t\t<div class=\"cmsmasters_post_img_wrap\"><figure class=\"cmsmasters_img_wrap\"><a href=\"http:\/\/morenacolima.si\/mitzuko\/en-tecoman-se-invierte\/\" title=\"En Tecom\u00e1n, se invierte\" class=\"cmsmasters_img_link preloader\"><img loading=\"lazy\" decoding=\"async\" width=\"580\" height=\"400\" src=\"http:\/\/morenacolima.si\/wp-content\/uploads\/2023\/11\/Screenshot_20231119_134447_com.facebook.katana_edit_177084440054749-580x400.jpg\" class=\"full-width wp-post-image\" alt=\"En Tecom\u00e1n, se invierte\" title=\"Screenshot_20231119_134447_com.facebook.katana_edit_177084440054749.jpg\" \/><\/a><\/figure><\/div>\r\n\t\t<div class=\"cmsmasters_post_cont\">\r\n\t\t\t<header class=\"cmsmasters_post_header entry-header\"><h3 class=\"cmsmasters_post_title entry-title\"><a href=\"http:\/\/morenacolima.si\/mitzuko\/en-tecoman-se-invierte\/\">En Tecom\u00e1n, se invierte<\/a><\/h3><\/header><div class=\"cmsmasters_post_content entry-content\">\n<p>En Tecom\u00e1n, se invierte en \u00e1reas prioritarias para mejorar su d\u00eda a d\u00eda con acciones desde la justicia social.<\/p>\n<\/div>\n<footer class=\"cmsmasters_post_footer entry-meta\"><span class=\"cmsmasters_views cmsmasters_post_views\"><span id=\"cmsmastersView-15295\" class=\"cmsmastersView cmsmasters_theme_icon_view\"><span>18<\/span><\/span><\/span><\/footer>\t\t<\/div>\r\n\t<\/div>\r\n<\/article>\r\n<!-- Finish Post Masonry Article -->\r\n\r\n<!-- Start Post Masonry Article -->\r\n<article id=\"post-15297\" class=\"cmsmasters_post_masonry post-15297 post type-post status-publish format-standard has-post-thumbnail hentry category-colima category-indira\" data-category=\"colima indira\">\r\n\t<div class=\"cmsmasters_post_cont_wrap\">\r\n\t\t<div class=\"cmsmasters_post_img_wrap\"><figure class=\"cmsmasters_img_wrap\"><a href=\"http:\/\/morenacolima.si\/mitzuko\/recuperar-la-paz-y-tranquilidad-es-prioridad\/\" title=\"Recuperar la paz y tranquilidad es prioridad\" class=\"cmsmasters_img_link preloader\"><img loading=\"lazy\" decoding=\"async\" width=\"580\" height=\"400\" src=\"http:\/\/morenacolima.si\/wp-content\/uploads\/2023\/11\/Screenshot_20231119_134428_com.facebook.katana_edit_177070021852668-580x400.jpg\" class=\"full-width wp-post-image\" alt=\"Recuperar la paz y tranquilidad es prioridad\" title=\"Screenshot_20231119_134428_com.facebook.katana_edit_177070021852668.jpg\" \/><\/a><\/figure><\/div>\r\n\t\t<div class=\"cmsmasters_post_cont\">\r\n\t\t\t<header class=\"cmsmasters_post_header entry-header\"><h3 class=\"cmsmasters_post_title entry-title\"><a href=\"http:\/\/morenacolima.si\/mitzuko\/recuperar-la-paz-y-tranquilidad-es-prioridad\/\">Recuperar la paz y tranquilidad es prioridad<\/a><\/h3><\/header><div class=\"cmsmasters_post_content entry-content\">\n<p>Recuperar la paz y tranquilidad es prioridad, por eso estamos mejorando<\/p>\n<\/div>\n<footer class=\"cmsmasters_post_footer entry-meta\"><span class=\"cmsmasters_views cmsmasters_post_views\"><span id=\"cmsmastersView-15297\" class=\"cmsmastersView cmsmasters_theme_icon_view\"><span>21<\/span><\/span><\/span><\/footer>\t\t<\/div>\r\n\t<\/div>\r\n<\/article>\r\n<!-- Finish Post Masonry Article -->\r\n\r\n<!-- Start Post Masonry Article -->\r\n<article id=\"post-15271\" class=\"cmsmasters_post_masonry post-15271 post type-post status-publish format-standard has-post-thumbnail hentry category-colima category-indira\" data-category=\"colima indira\">\r\n\t<div class=\"cmsmasters_post_cont_wrap\">\r\n\t\t<div class=\"cmsmasters_post_img_wrap\"><figure class=\"cmsmasters_img_wrap\"><a href=\"http:\/\/morenacolima.si\/mitzuko\/vision-gobierno\/\" title=\"Visi\u00f3n Gobierno\" class=\"cmsmasters_img_link preloader\"><img loading=\"lazy\" decoding=\"async\" width=\"580\" height=\"400\" src=\"http:\/\/morenacolima.si\/wp-content\/uploads\/2023\/11\/image_editor_output_image-1461382730-1700423192663-580x400.jpg\" class=\"full-width wp-post-image\" alt=\"Visi\u00f3n Gobierno\" title=\"image_editor_output_image-1461382730-1700423192663.jpg\" \/><\/a><\/figure><\/div>\r\n\t\t<div class=\"cmsmasters_post_cont\">\r\n\t\t\t<header class=\"cmsmasters_post_header entry-header\"><h3 class=\"cmsmasters_post_title entry-title\"><a href=\"http:\/\/morenacolima.si\/mitzuko\/vision-gobierno\/\">Visi\u00f3n Gobierno<\/a><\/h3><\/header><div class=\"cmsmasters_post_content entry-content\">\n<p>La gobernadora Indira Vizca\u00edno, ha logrado una coordinaci\u00f3n sin precedentes con el Gobierno de M\u00e9xico<\/p>\n<\/div>\n<footer class=\"cmsmasters_post_footer entry-meta\"><span class=\"cmsmasters_views cmsmasters_post_views\"><span id=\"cmsmastersView-15271\" class=\"cmsmastersView cmsmasters_theme_icon_view\"><span>21<\/span><\/span><\/span><\/footer>\t\t<\/div>\r\n\t<\/div>\r\n<\/article>\r\n<!-- Finish Post Masonry Article -->\r\n\r\n<!-- Start Post Masonry Article -->\r\n<article id=\"post-15272\" class=\"cmsmasters_post_masonry post-15272 post type-post status-publish format-standard has-post-thumbnail hentry category-colima category-indira\" data-category=\"colima indira\">\r\n\t<div class=\"cmsmasters_post_cont_wrap\">\r\n\t\t<div class=\"cmsmasters_post_img_wrap\"><figure class=\"cmsmasters_img_wrap\"><a href=\"http:\/\/morenacolima.si\/mitzuko\/la-transformacion-avanza-en-comala\/\" title=\"La Transformaci\u00f3n Avanza en Comala\" class=\"cmsmasters_img_link preloader\"><img loading=\"lazy\" decoding=\"async\" width=\"580\" height=\"400\" src=\"http:\/\/morenacolima.si\/wp-content\/uploads\/2023\/11\/Screenshot_20231116_184145_com.facebook.katana_edit_68084852403152-580x400.jpg\" class=\"full-width wp-post-image\" alt=\"La Transformaci\u00f3n Avanza en Comala\" title=\"Screenshot_20231116_184145_com.facebook.katana_edit_68084852403152.jpg\" \/><\/a><\/figure><\/div>\r\n\t\t<div class=\"cmsmasters_post_cont\">\r\n\t\t\t<header class=\"cmsmasters_post_header entry-header\"><h3 class=\"cmsmasters_post_title entry-title\"><a href=\"http:\/\/morenacolima.si\/mitzuko\/la-transformacion-avanza-en-comala\/\">La Transformaci\u00f3n Avanza en Comala<\/a><\/h3><\/header><div class=\"cmsmasters_post_content entry-content\">\n<p>Recuperando Infraestructura Carretera<\/p>\n<\/div>\n<footer class=\"cmsmasters_post_footer entry-meta\"><span class=\"cmsmasters_views cmsmasters_post_views\"><span id=\"cmsmastersView-15272\" class=\"cmsmastersView cmsmasters_theme_icon_view\"><span>14<\/span><\/span><\/span><\/footer>\t\t<\/div>\r\n\t<\/div>\r\n<\/article>\r\n<!-- Finish Post Masonry Article -->\r\n\r\n<!-- Start Post Masonry Article -->\r\n<article id=\"post-15273\" class=\"cmsmasters_post_masonry post-15273 post type-post status-publish format-standard has-post-thumbnail hentry category-colima category-indira\" data-category=\"colima indira\">\r\n\t<div class=\"cmsmasters_post_cont_wrap\">\r\n\t\t<div class=\"cmsmasters_post_img_wrap\"><figure class=\"cmsmasters_img_wrap\"><a href=\"http:\/\/morenacolima.si\/mitzuko\/indira-vizcaino-2do-informe-armeria\/\" title=\"Indira Vizca\u00edno 2do Informe (Armer\u00eda)\" class=\"cmsmasters_img_link preloader\"><img loading=\"lazy\" decoding=\"async\" width=\"580\" height=\"400\" src=\"http:\/\/morenacolima.si\/wp-content\/uploads\/2023\/11\/Screenshot_20231116_171838_com.facebook.katana_edit_64357437908408-580x400.jpg\" class=\"full-width wp-post-image\" alt=\"Indira Vizca\u00edno 2do Informe (Armer\u00eda)\" title=\"Screenshot_20231116_171838_com.facebook.katana_edit_64357437908408.jpg\" \/><\/a><\/figure><\/div>\r\n\t\t<div class=\"cmsmasters_post_cont\">\r\n\t\t\t<header class=\"cmsmasters_post_header entry-header\"><h3 class=\"cmsmasters_post_title entry-title\"><a href=\"http:\/\/morenacolima.si\/mitzuko\/indira-vizcaino-2do-informe-armeria\/\">Indira Vizca\u00edno 2do Informe (Armer\u00eda)<\/a><\/h3><\/header><div class=\"cmsmasters_post_content entry-content\">\n<p>\u00a1En Armer\u00eda no hay marcha atr\u00e1s, sigamos con la transformaci\u00f3n!<\/p>\n<\/div>\n<footer class=\"cmsmasters_post_footer entry-meta\"><span class=\"cmsmasters_views cmsmasters_post_views\"><span id=\"cmsmastersView-15273\" class=\"cmsmastersView cmsmasters_theme_icon_view\"><span>18<\/span><\/span><\/span><\/footer>\t\t<\/div>\r\n\t<\/div>\r\n<\/article>\r\n<!-- Finish Post Masonry Article -->\r\n\r\n<!-- Start Post Masonry Article -->\r\n<article id=\"post-15274\" class=\"cmsmasters_post_masonry post-15274 post type-post status-publish format-standard has-post-thumbnail hentry category-colima category-indira\" data-category=\"colima indira\">\r\n\t<div class=\"cmsmasters_post_cont_wrap\">\r\n\t\t<div class=\"cmsmasters_post_img_wrap\"><figure class=\"cmsmasters_img_wrap\"><a href=\"http:\/\/morenacolima.si\/mitzuko\/obras-que-transforman\/\" title=\"Obras que Transforman\" class=\"cmsmasters_img_link preloader\"><img loading=\"lazy\" decoding=\"async\" width=\"580\" height=\"400\" src=\"http:\/\/morenacolima.si\/wp-content\/uploads\/2023\/11\/Screenshot_20231116_140935_com.facebook.katana_edit_57383354630306-580x400.jpg\" class=\"full-width wp-post-image\" alt=\"Obras que Transforman\" title=\"Screenshot_20231116_140935_com.facebook.katana_edit_57383354630306.jpg\" \/><\/a><\/figure><\/div>\r\n\t\t<div class=\"cmsmasters_post_cont\">\r\n\t\t\t<header class=\"cmsmasters_post_header entry-header\"><h3 class=\"cmsmasters_post_title entry-title\"><a href=\"http:\/\/morenacolima.si\/mitzuko\/obras-que-transforman\/\">Obras que Transforman<\/a><\/h3><\/header><div class=\"cmsmasters_post_content entry-content\">\n<p>\u00a1Con obras que transforman no hay marcha atr\u00e1s, sigamos con la transformaci\u00f3n!<\/p>\n<\/div>\n<footer class=\"cmsmasters_post_footer entry-meta\"><span class=\"cmsmasters_views cmsmasters_post_views\"><span id=\"cmsmastersView-15274\" class=\"cmsmastersView cmsmasters_theme_icon_view\"><span>23<\/span><\/span><\/span><\/footer>\t\t<\/div>\r\n\t<\/div>\r\n<\/article>\r\n<!-- Finish Post Masonry Article -->\r\n\r\n<!-- Start Post Masonry Article -->\r\n<article id=\"post-15275\" class=\"cmsmasters_post_masonry post-15275 post type-post status-publish format-standard has-post-thumbnail hentry category-colima category-indira\" data-category=\"colima indira\">\r\n\t<div class=\"cmsmasters_post_cont_wrap\">\r\n\t\t<div class=\"cmsmasters_post_img_wrap\"><figure class=\"cmsmasters_img_wrap\"><a href=\"http:\/\/morenacolima.si\/mitzuko\/indira-vizcaino-2do-informe-cuahutemoc\/\" title=\"Indira Vizca\u00edno 2do Informe (Cuahut\u00e9moc)\" class=\"cmsmasters_img_link preloader\"><img loading=\"lazy\" decoding=\"async\" width=\"580\" height=\"400\" src=\"http:\/\/morenacolima.si\/wp-content\/uploads\/2023\/11\/Screenshot_20231116_120037-580x400.jpg\" class=\"full-width wp-post-image\" alt=\"Indira Vizca\u00edno 2do Informe (Cuahut\u00e9moc)\" title=\"Screenshot_20231116_120037.jpg\" \/><\/a><\/figure><\/div>\r\n\t\t<div class=\"cmsmasters_post_cont\">\r\n\t\t\t<header class=\"cmsmasters_post_header entry-header\"><h3 class=\"cmsmasters_post_title entry-title\"><a href=\"http:\/\/morenacolima.si\/mitzuko\/indira-vizcaino-2do-informe-cuahutemoc\/\">Indira Vizca\u00edno 2do Informe (Cuahut\u00e9moc)<\/a><\/h3><\/header><div class=\"cmsmasters_post_content entry-content\">\n<p>\u00a1En Cuauht\u00e9moc, no hay marcha atr\u00e1s, sigamos con la transformaci\u00f3n!<\/p>\n<\/div>\n<footer class=\"cmsmasters_post_footer entry-meta\"><span class=\"cmsmasters_views cmsmasters_post_views\"><span id=\"cmsmastersView-15275\" class=\"cmsmastersView cmsmasters_theme_icon_view\"><span>25<\/span><\/span><\/span><\/footer>\t\t<\/div>\r\n\t<\/div>\r\n<\/article>\r\n<!-- Finish Post Masonry Article -->\r\n\r\n<!-- Start Post Masonry Article -->\r\n<article id=\"post-15270\" class=\"cmsmasters_post_masonry post-15270 post type-post status-publish format-standard has-post-thumbnail hentry category-colima category-indira\" data-category=\"colima indira\">\r\n\t<div class=\"cmsmasters_post_cont_wrap\">\r\n\t\t<div class=\"cmsmasters_post_img_wrap\"><figure class=\"cmsmasters_img_wrap\"><a href=\"http:\/\/morenacolima.si\/mitzuko\/libramiento-ejercito-mexicano\/\" title=\"Libramiento Ej\u00e9rcito Mexicano\" class=\"cmsmasters_img_link preloader\"><img loading=\"lazy\" decoding=\"async\" width=\"580\" height=\"400\" src=\"http:\/\/morenacolima.si\/wp-content\/uploads\/2023\/11\/Screenshot_20231116_114649-580x400.jpg\" class=\"full-width wp-post-image\" alt=\"Libramiento Ej\u00e9rcito Mexicano\" title=\"Screenshot_20231116_114649.jpg\" \/><\/a><\/figure><\/div>\r\n\t\t<div class=\"cmsmasters_post_cont\">\r\n\t\t\t<header class=\"cmsmasters_post_header entry-header\"><h3 class=\"cmsmasters_post_title entry-title\"><a href=\"http:\/\/morenacolima.si\/mitzuko\/libramiento-ejercito-mexicano\/\">Libramiento Ej\u00e9rcito Mexicano<\/a><\/h3><\/header><div class=\"cmsmasters_post_content entry-content\">\n<p>Mejorar la infraestructura vial es uno de los compromisos de la gobernadora Indira Vizca\u00edno<\/p>\n<\/div>\n<footer class=\"cmsmasters_post_footer entry-meta\"><span class=\"cmsmasters_views cmsmasters_post_views\"><span id=\"cmsmastersView-15270\" class=\"cmsmastersView cmsmasters_theme_icon_view\"><span>26<\/span><\/span><\/span><\/footer>\t\t<\/div>\r\n\t<\/div>\r\n<\/article>\r\n<!-- Finish Post Masonry Article -->\r\n\r\n<!-- Start Post Masonry Article -->\r\n<article id=\"post-15244\" class=\"cmsmasters_post_masonry post-15244 post type-post status-publish format-standard has-post-thumbnail hentry category-colima category-indira\" data-category=\"colima indira\">\r\n\t<div class=\"cmsmasters_post_cont_wrap\">\r\n\t\t<div class=\"cmsmasters_post_img_wrap\"><figure class=\"cmsmasters_img_wrap\"><a href=\"http:\/\/morenacolima.si\/mitzuko\/recuperando-infraestructura-carretera\/\" title=\"Recuperando Infraestructura Carretera\" class=\"cmsmasters_img_link preloader\"><img loading=\"lazy\" decoding=\"async\" width=\"580\" height=\"400\" src=\"http:\/\/morenacolima.si\/wp-content\/uploads\/2023\/11\/Screenshot_20231115_195508-580x400.jpg\" class=\"full-width wp-post-image\" alt=\"Recuperando Infraestructura Carretera\" title=\"Screenshot_20231115_195508.jpg\" \/><\/a><\/figure><\/div>\r\n\t\t<div class=\"cmsmasters_post_cont\">\r\n\t\t\t<header class=\"cmsmasters_post_header entry-header\"><h3 class=\"cmsmasters_post_title entry-title\"><a href=\"http:\/\/morenacolima.si\/mitzuko\/recuperando-infraestructura-carretera\/\">Recuperando Infraestructura Carretera<\/a><\/h3><\/header><div class=\"cmsmasters_post_content entry-content\">\n<p>Recuperando Infraestructura Carretera<\/p>\n<\/div>\n<footer class=\"cmsmasters_post_footer entry-meta\"><span class=\"cmsmasters_views cmsmasters_post_views\"><span id=\"cmsmastersView-15244\" class=\"cmsmastersView cmsmasters_theme_icon_view\"><span>16<\/span><\/span><\/span><\/footer>\t\t<\/div>\r\n\t<\/div>\r\n<\/article>\r\n<!-- Finish Post Masonry Article -->\r\n\r\n<!-- Start Post Masonry Article -->\r\n<article id=\"post-15245\" class=\"cmsmasters_post_masonry post-15245 post type-post status-publish format-standard has-post-thumbnail hentry category-colima category-indira\" data-category=\"colima indira\">\r\n\t<div class=\"cmsmasters_post_cont_wrap\">\r\n\t\t<div class=\"cmsmasters_post_img_wrap\"><figure class=\"cmsmasters_img_wrap\"><a href=\"http:\/\/morenacolima.si\/mitzuko\/buen-manejo-de-los-recursos-publicos\/\" title=\"Buen Manejo De Los Recursos P\u00fablicos\" class=\"cmsmasters_img_link preloader\"><img loading=\"lazy\" decoding=\"async\" width=\"580\" height=\"400\" src=\"http:\/\/morenacolima.si\/wp-content\/uploads\/2023\/11\/Screenshot_20231115_195105-580x400.jpg\" class=\"full-width wp-post-image\" alt=\"Buen Manejo De Los Recursos P\u00fablicos\" title=\"Screenshot_20231115_195105.jpg\" \/><\/a><\/figure><\/div>\r\n\t\t<div class=\"cmsmasters_post_cont\">\r\n\t\t\t<header class=\"cmsmasters_post_header entry-header\"><h3 class=\"cmsmasters_post_title entry-title\"><a href=\"http:\/\/morenacolima.si\/mitzuko\/buen-manejo-de-los-recursos-publicos\/\">Buen Manejo De Los Recursos P\u00fablicos<\/a><\/h3><\/header><div class=\"cmsmasters_post_content entry-content\">\n<p>Con el buen manejo de los recursos p\u00fablicos y eliminando privilegios se generaron ahorros por m\u00e1s de 500 millones de pesos<\/p>\n<\/div>\n<footer class=\"cmsmasters_post_footer entry-meta\"><span class=\"cmsmasters_views cmsmasters_post_views\"><span id=\"cmsmastersView-15245\" class=\"cmsmastersView cmsmasters_theme_icon_view\"><span>15<\/span><\/span><\/span><\/footer>\t\t<\/div>\r\n\t<\/div>\r\n<\/article>\r\n<!-- Finish Post Masonry Article -->\r\n\r\n<\/div><div class=\"cmsmasters_wrap_more_posts cmsmasters_wrap_more_items\"><div class=\"cmsmasters_wrap_pagination\"><ul class='page-numbers'>\n\t<li><span aria-current=\"page\" class=\"page-numbers current\">1<\/span><\/li>\n\t<li><a class=\"page-numbers\" href=\"http:\/\/morenacolima.si\/mitzuko\/wp-json\/wp\/v2\/pages\/14883\/page\/2\/\">2<\/a><\/li>\n\t<li><a class=\"next page-numbers\" href=\"http:\/\/morenacolima.si\/mitzuko\/wp-json\/wp\/v2\/pages\/14883\/page\/2\/\"><span class=\"cmsmasters_theme_icon_pagination_next\"><span><\/span><\/span><\/a><\/li>\n<\/ul>\n<\/div><\/div><\/div>\n<\/div><\/div>\n<\/div>\n<\/div>\n<\/div>\n<\/div>\n<\/div>\n\n","protected":false},"excerpt":{"rendered":"","protected":false},"author":1,"featured_media":0,"parent":0,"menu_order":0,"comment_status":"closed","ping_status":"closed","template":"","meta":{"footnotes":""},"class_list":["post-14883","page","type-page","status-publish","hentry"],"_links":{"self":[{"href":"http:\/\/morenacolima.si\/mitzuko\/wp-json\/wp\/v2\/pages\/14883","targetHints":{"allow":["GET"]}}],"collection":[{"href":"http:\/\/morenacolima.si\/mitzuko\/wp-json\/wp\/v2\/pages"}],"about":[{"href":"http:\/\/morenacolima.si\/mitzuko\/wp-json\/wp\/v2\/types\/page"}],"author":[{"embeddable":true,"href":"http:\/\/morenacolima.si\/mitzuko\/wp-json\/wp\/v2\/users\/1"}],"replies":[{"embeddable":true,"href":"http:\/\/morenacolima.si\/mitzuko\/wp-json\/wp\/v2\/comments?post=14883"}],"version-history":[{"count":4,"href":"http:\/\/morenacolima.si\/mitzuko\/wp-json\/wp\/v2\/pages\/14883\/revisions"}],"predecessor-version":[{"id":14901,"href":"http:\/\/morenacolima.si\/mitzuko\/wp-json\/wp\/v2\/pages\/14883\/revisions\/14901"}],"wp:attachment":[{"href":"http:\/\/morenacolima.si\/mitzuko\/wp-json\/wp\/v2\/media?parent=14883"}],"curies":[{"name":"wp","href":"https:\/\/api.w.org\/{rel}","templated":true}]}}